{"id":2275,"date":"2026-04-16T12:42:24","date_gmt":"2026-04-16T12:42:24","guid":{"rendered":"https:\/\/candeboislogistique.fr\/?page_id=2275"},"modified":"2026-04-16T17:50:01","modified_gmt":"2026-04-16T17:50:01","slug":"engagements","status":"publish","type":"page","link":"https:\/\/candeboislogistique.fr\/?page_id=2275","title":{"rendered":"Nos engagements"},"content":{"rendered":"\t\t<div data-elementor-type=\"wp-page\" data-elementor-id=\"2275\" class=\"elementor elementor-2275\" data-elementor-post-type=\"page\">\n\t\t\t\t<div class=\"elementor-element elementor-element-f185790 e-flex e-con-boxed e-con e-parent\" data-id=\"f185790\" data-element_type=\"container\" data-e-type=\"container\" data-settings=\"{&quot;background_background&quot;:&quot;classic&quot;}\">\n\t\t\t\t\t<div class=\"e-con-inner\">\n\t\t\t\t<div class=\"elementor-element elementor-element-2f6287da elementor-widget elementor-widget-heading\" data-id=\"2f6287da\" data-element_type=\"widget\" data-e-type=\"widget\" data-widget_type=\"heading.default\">\n\t\t\t\t\t<h1 class=\"elementor-heading-title elementor-size-default\">Nos engagements<\/h1>\t\t\t\t<\/div>\n\t\t\t\t\t<\/div>\n\t\t\t\t<\/div>\n\t\t<div class=\"elementor-element elementor-element-3a0417b1 e-flex e-con-boxed e-con e-parent\" data-id=\"3a0417b1\" data-element_type=\"container\" data-e-type=\"container\" data-settings=\"{&quot;background_background&quot;:&quot;classic&quot;}\">\n\t\t\t\t\t<div class=\"e-con-inner\">\n\t\t<div class=\"elementor-element elementor-element-27560506 e-con-full e-flex e-con e-child\" data-id=\"27560506\" data-element_type=\"container\" data-e-type=\"container\">\n\t\t\t\t<div class=\"elementor-element elementor-element-7b1ca65e elementor-widget elementor-widget-text-editor\" data-id=\"7b1ca65e\" data-element_type=\"widget\" data-e-type=\"widget\" data-widget_type=\"text-editor.default\">\n\t\t\t\t\t\t\t\t\t<p data-section-id=\"14t0aa6\" data-start=\"494\" data-end=\"552\"><b>Du bois ma\u00eetris\u00e9. Un service fiable. Une parole tenue.<\/b><\/p><p data-section-id=\"14t0aa6\" data-start=\"494\" data-end=\"552\"><span style=\"font-family: inherit; font-size: inherit; font-style: inherit; font-variant-caps: inherit; letter-spacing: 0px; word-spacing: 0em; text-align: var(--text-align);\">Chez Cand\u00e9 Bois Logistique, notre engagement est simple :<\/span><\/p><p data-start=\"554\" data-end=\"703\">vous livrer un bois de qualit\u00e9, dans les bonnes conditions, avec une transparence totale.<\/p><p data-start=\"705\" data-end=\"798\">Parce que derri\u00e8re chaque livraison, il y a votre confort, votre s\u00e9curit\u00e9 et votre confiance.<\/p>\t\t\t\t\t\t\t\t<\/div>\n\t\t\t\t<\/div>\n\t\t<div class=\"elementor-element elementor-element-523b3e47 e-con-full e-flex e-con e-child\" data-id=\"523b3e47\" data-element_type=\"container\" data-e-type=\"container\">\n\t\t\t\t<div class=\"elementor-element elementor-element-366fa7ae elementor-widget elementor-widget-image\" data-id=\"366fa7ae\" data-element_type=\"widget\" data-e-type=\"widget\" data-widget_type=\"image.default\">\n\t\t\t\t\t\t\t\t\t\t\t\t\t\t\t<img fetchpriority=\"high\" decoding=\"async\" width=\"768\" height=\"1024\" src=\"https:\/\/candeboislogistique.fr\/wp-content\/uploads\/2026\/04\/IMG_8479-1-768x1024.jpg\" class=\"attachment-large size-large wp-image-2270\" alt=\"\" srcset=\"https:\/\/candeboislogistique.fr\/wp-content\/uploads\/2026\/04\/IMG_8479-1-768x1024.jpg 768w, https:\/\/candeboislogistique.fr\/wp-content\/uploads\/2026\/04\/IMG_8479-1-225x300.jpg 225w, https:\/\/candeboislogistique.fr\/wp-content\/uploads\/2026\/04\/IMG_8479-1-1152x1536.jpg 1152w, https:\/\/candeboislogistique.fr\/wp-content\/uploads\/2026\/04\/IMG_8479-1-1536x2048.jpg 1536w, https:\/\/candeboislogistique.fr\/wp-content\/uploads\/2026\/04\/IMG_8479-1.jpg 1920w\" sizes=\"(max-width: 768px) 100vw, 768px\" \/>\t\t\t\t\t\t\t\t\t\t\t\t\t\t\t<\/div>\n\t\t\t\t<div class=\"elementor-element elementor-element-eefc332 elementor-widget elementor-widget-spacer\" data-id=\"eefc332\" data-element_type=\"widget\" data-e-type=\"widget\" data-widget_type=\"spacer.default\">\n\t\t\t\t\t\t\t<div class=\"elementor-spacer\">\n\t\t\t<div class=\"elementor-spacer-inner\"><\/div>\n\t\t<\/div>\n\t\t\t\t\t\t<\/div>\n\t\t\t\t<\/div>\n\t\t\t\t\t<\/div>\n\t\t\t\t<\/div>\n\t\t<div class=\"elementor-element elementor-element-45543e4b e-flex e-con-boxed e-con e-parent\" data-id=\"45543e4b\" data-element_type=\"container\" data-e-type=\"container\" data-settings=\"{&quot;background_background&quot;:&quot;classic&quot;}\">\n\t\t\t\t\t<div class=\"e-con-inner\">\n\t\t<div class=\"elementor-element elementor-element-646ca1de e-con-full e-flex e-con e-child\" data-id=\"646ca1de\" data-element_type=\"container\" data-e-type=\"container\">\n\t\t\t\t<div class=\"elementor-element elementor-element-3d63307d elementor-widget elementor-widget-image\" data-id=\"3d63307d\" data-element_type=\"widget\" data-e-type=\"widget\" data-widget_type=\"image.default\">\n\t\t\t\t\t\t\t\t\t\t\t\t\t\t\t<img decoding=\"async\" width=\"1024\" height=\"768\" src=\"https:\/\/candeboislogistique.fr\/wp-content\/uploads\/2026\/04\/IMG_8652-1024x768.jpg\" class=\"attachment-large size-large wp-image-2293\" alt=\"\" srcset=\"https:\/\/candeboislogistique.fr\/wp-content\/uploads\/2026\/04\/IMG_8652-1024x768.jpg 1024w, https:\/\/candeboislogistique.fr\/wp-content\/uploads\/2026\/04\/IMG_8652-300x225.jpg 300w, https:\/\/candeboislogistique.fr\/wp-content\/uploads\/2026\/04\/IMG_8652-768x576.jpg 768w, https:\/\/candeboislogistique.fr\/wp-content\/uploads\/2026\/04\/IMG_8652-1536x1152.jpg 1536w, https:\/\/candeboislogistique.fr\/wp-content\/uploads\/2026\/04\/IMG_8652-2048x1536.jpg 2048w\" sizes=\"(max-width: 1024px) 100vw, 1024px\" \/>\t\t\t\t\t\t\t\t\t\t\t\t\t\t\t<\/div>\n\t\t\t\t<\/div>\n\t\t<div class=\"elementor-element elementor-element-484cd95c e-con-full e-flex e-con e-child\" data-id=\"484cd95c\" data-element_type=\"container\" data-e-type=\"container\">\n\t\t\t\t<div class=\"elementor-element elementor-element-7ee699e4 elementor-widget elementor-widget-heading\" data-id=\"7ee699e4\" data-element_type=\"widget\" data-e-type=\"widget\" data-widget_type=\"heading.default\">\n\t\t\t\t\t<h4 class=\"elementor-heading-title elementor-size-default\">DES VOLUMES CLAIRS, SANS SURPRISE\n<\/h4>\t\t\t\t<\/div>\n\t\t\t\t<div class=\"elementor-element elementor-element-35cccc8d elementor-widget elementor-widget-text-editor\" data-id=\"35cccc8d\" data-element_type=\"widget\" data-e-type=\"widget\" data-widget_type=\"text-editor.default\">\n\t\t\t\t\t\t\t\t\t<p data-start=\"846\" data-end=\"924\">Acheter du bois peut vite devenir flou\u2026 nous avons fait le choix de la clart\u00e9.<\/p><p data-start=\"926\" data-end=\"1050\">Nous vous expliquons pr\u00e9cis\u00e9ment ce que vous achetez, en tenant compte de la longueur des b\u00fbches et de leur conditionnement.<\/p><p data-start=\"1052\" data-end=\"1147\">\ud83d\udc49 Concr\u00e8tement :<br data-start=\"1069\" data-end=\"1072\" \/>vous savez exactement ce que vous recevez, sans approximation ni ambigu\u00eft\u00e9.<\/p>\t\t\t\t\t\t\t\t<\/div>\n\t\t\t\t<div class=\"elementor-element elementor-element-e345ca2 elementor-widget elementor-widget-spacer\" data-id=\"e345ca2\" data-element_type=\"widget\" data-e-type=\"widget\" data-widget_type=\"spacer.default\">\n\t\t\t\t\t\t\t<div class=\"elementor-spacer\">\n\t\t\t<div class=\"elementor-spacer-inner\"><\/div>\n\t\t<\/div>\n\t\t\t\t\t\t<\/div>\n\t\t\t\t<\/div>\n\t\t\t\t\t<\/div>\n\t\t\t\t<\/div>\n\t\t<div class=\"elementor-element elementor-element-8e7be61 e-flex e-con-boxed e-con e-parent\" data-id=\"8e7be61\" data-element_type=\"container\" data-e-type=\"container\" data-settings=\"{&quot;background_background&quot;:&quot;classic&quot;}\">\n\t\t\t\t\t<div class=\"e-con-inner\">\n\t\t<div class=\"elementor-element elementor-element-134abdc e-con-full e-flex e-con e-child\" data-id=\"134abdc\" data-element_type=\"container\" data-e-type=\"container\">\n\t\t\t\t<div class=\"elementor-element elementor-element-1fe4e07 elementor-widget elementor-widget-heading\" data-id=\"1fe4e07\" data-element_type=\"widget\" data-e-type=\"widget\" data-widget_type=\"heading.default\">\n\t\t\t\t\t<h4 class=\"elementor-heading-title elementor-size-default\">UN BOIS PR\u00caT \u00c0 CHAUFFER<\/h4>\t\t\t\t<\/div>\n\t\t\t\t<div class=\"elementor-element elementor-element-630bc48 elementor-widget elementor-widget-text-editor\" data-id=\"630bc48\" data-element_type=\"widget\" data-e-type=\"widget\" data-widget_type=\"text-editor.default\">\n\t\t\t\t\t\t\t\t\t<p data-start=\"1185\" data-end=\"1231\">Un bon bois, ce n\u2019est pas juste du bois coup\u00e9.<\/p><p data-start=\"1233\" data-end=\"1329\">C\u2019est un bois pr\u00e9par\u00e9 dans de bonnes conditions, avec un niveau de s\u00e9chage adapt\u00e9 \u00e0 votre usage.<\/p><p data-start=\"1331\" data-end=\"1346\">R\u00e9sultat :<\/p><ul data-start=\"1347\" data-end=\"1456\"><li data-section-id=\"1ivokjm\" data-start=\"1347\" data-end=\"1383\">une mont\u00e9e en temp\u00e9rature rapide<\/li><li data-section-id=\"uw7o5b\" data-start=\"1384\" data-end=\"1414\">une combustion plus propre<\/li><li data-section-id=\"1fna8v8\" data-start=\"1415\" data-end=\"1456\">un confort d\u2019utilisation au quotidien<\/li><\/ul>\t\t\t\t\t\t\t\t<\/div>\n\t\t\t\t<\/div>\n\t\t<div class=\"elementor-element elementor-element-6d4a1cd e-con-full e-flex e-con e-child\" data-id=\"6d4a1cd\" data-element_type=\"container\" data-e-type=\"container\">\n\t\t\t\t<div class=\"elementor-element elementor-element-9572f1c elementor-widget elementor-widget-spacer\" data-id=\"9572f1c\" data-element_type=\"widget\" data-e-type=\"widget\" data-widget_type=\"spacer.default\">\n\t\t\t\t\t\t\t<div class=\"elementor-spacer\">\n\t\t\t<div class=\"elementor-spacer-inner\"><\/div>\n\t\t<\/div>\n\t\t\t\t\t\t<\/div>\n\t\t\t\t<div class=\"elementor-element elementor-element-c2bb78d elementor-widget elementor-widget-image\" data-id=\"c2bb78d\" data-element_type=\"widget\" data-e-type=\"widget\" data-widget_type=\"image.default\">\n\t\t\t\t\t\t\t\t\t\t\t\t\t\t\t<img decoding=\"async\" width=\"768\" height=\"1024\" src=\"https:\/\/candeboislogistique.fr\/wp-content\/uploads\/2026\/04\/Palette-de-bois-ranges-de-25-steres-soit-2m3.-En-buches-de-50cm-1-768x1024.jpeg\" class=\"attachment-large size-large wp-image-2295\" alt=\"\" srcset=\"https:\/\/candeboislogistique.fr\/wp-content\/uploads\/2026\/04\/Palette-de-bois-ranges-de-25-steres-soit-2m3.-En-buches-de-50cm-1-768x1024.jpeg 768w, https:\/\/candeboislogistique.fr\/wp-content\/uploads\/2026\/04\/Palette-de-bois-ranges-de-25-steres-soit-2m3.-En-buches-de-50cm-1-225x300.jpeg 225w, https:\/\/candeboislogistique.fr\/wp-content\/uploads\/2026\/04\/Palette-de-bois-ranges-de-25-steres-soit-2m3.-En-buches-de-50cm-1-1152x1536.jpeg 1152w, https:\/\/candeboislogistique.fr\/wp-content\/uploads\/2026\/04\/Palette-de-bois-ranges-de-25-steres-soit-2m3.-En-buches-de-50cm-1.jpeg 1536w\" sizes=\"(max-width: 768px) 100vw, 768px\" \/>\t\t\t\t\t\t\t\t\t\t\t\t\t\t\t<\/div>\n\t\t\t\t<div class=\"elementor-element elementor-element-3a45ae2 elementor-widget elementor-widget-spacer\" data-id=\"3a45ae2\" data-element_type=\"widget\" data-e-type=\"widget\" data-widget_type=\"spacer.default\">\n\t\t\t\t\t\t\t<div class=\"elementor-spacer\">\n\t\t\t<div class=\"elementor-spacer-inner\"><\/div>\n\t\t<\/div>\n\t\t\t\t\t\t<\/div>\n\t\t\t\t<\/div>\n\t\t\t\t\t<\/div>\n\t\t\t\t<\/div>\n\t\t<div class=\"elementor-element elementor-element-50515ed e-flex e-con-boxed e-con e-parent\" data-id=\"50515ed\" data-element_type=\"container\" data-e-type=\"container\" data-settings=\"{&quot;background_background&quot;:&quot;classic&quot;}\">\n\t\t\t\t\t<div class=\"e-con-inner\">\n\t\t<div class=\"elementor-element elementor-element-4256eeb e-con-full e-flex e-con e-child\" data-id=\"4256eeb\" data-element_type=\"container\" data-e-type=\"container\">\n\t\t\t\t<div class=\"elementor-element elementor-element-832aed7 elementor-widget elementor-widget-image\" data-id=\"832aed7\" data-element_type=\"widget\" data-e-type=\"widget\" data-widget_type=\"image.default\">\n\t\t\t\t\t\t\t\t\t\t\t\t\t\t\t<img loading=\"lazy\" decoding=\"async\" width=\"768\" height=\"1024\" src=\"https:\/\/candeboislogistique.fr\/wp-content\/uploads\/2026\/04\/Palette-de-bois-ranges-de-1-stere-soit-07m3.-En-buches-de-33cm-768x1024.jpeg\" class=\"attachment-large size-large wp-image-2103\" alt=\"\" srcset=\"https:\/\/candeboislogistique.fr\/wp-content\/uploads\/2026\/04\/Palette-de-bois-ranges-de-1-stere-soit-07m3.-En-buches-de-33cm-768x1024.jpeg 768w, https:\/\/candeboislogistique.fr\/wp-content\/uploads\/2026\/04\/Palette-de-bois-ranges-de-1-stere-soit-07m3.-En-buches-de-33cm-225x300.jpeg 225w, https:\/\/candeboislogistique.fr\/wp-content\/uploads\/2026\/04\/Palette-de-bois-ranges-de-1-stere-soit-07m3.-En-buches-de-33cm-1152x1536.jpeg 1152w, https:\/\/candeboislogistique.fr\/wp-content\/uploads\/2026\/04\/Palette-de-bois-ranges-de-1-stere-soit-07m3.-En-buches-de-33cm.jpeg 1536w\" sizes=\"(max-width: 768px) 100vw, 768px\" \/>\t\t\t\t\t\t\t\t\t\t\t\t\t\t\t<\/div>\n\t\t\t\t<\/div>\n\t\t<div class=\"elementor-element elementor-element-eb2005f e-con-full e-flex e-con e-child\" data-id=\"eb2005f\" data-element_type=\"container\" data-e-type=\"container\">\n\t\t\t\t<div class=\"elementor-element elementor-element-e046216 elementor-widget elementor-widget-spacer\" data-id=\"e046216\" data-element_type=\"widget\" data-e-type=\"widget\" data-widget_type=\"spacer.default\">\n\t\t\t\t\t\t\t<div class=\"elementor-spacer\">\n\t\t\t<div class=\"elementor-spacer-inner\"><\/div>\n\t\t<\/div>\n\t\t\t\t\t\t<\/div>\n\t\t\t\t<div class=\"elementor-element elementor-element-1b7d542 elementor-widget elementor-widget-heading\" data-id=\"1b7d542\" data-element_type=\"widget\" data-e-type=\"widget\" data-widget_type=\"heading.default\">\n\t\t\t\t\t<h4 class=\"elementor-heading-title elementor-size-default\">UNE S\u00c9LECTION QUI FAIT LA DIFF\u00c9RENCE\n<\/h4>\t\t\t\t<\/div>\n\t\t\t\t<div class=\"elementor-element elementor-element-3cffeeb elementor-widget elementor-widget-text-editor\" data-id=\"3cffeeb\" data-element_type=\"widget\" data-e-type=\"widget\" data-widget_type=\"text-editor.default\">\n\t\t\t\t\t\t\t\t\t<p data-start=\"1507\" data-end=\"1538\">Tous les bois ne se valent pas.<\/p><p data-start=\"1540\" data-end=\"1675\">Nous s\u00e9lectionnons les essences en fonction de leur comportement \u00e0 la combustion, pour vous garantir une chaleur efficace et r\u00e9guli\u00e8re.<\/p><p data-start=\"1677\" data-end=\"1770\">\ud83d\udc49 Notre r\u00f4le, c\u2019est aussi de vous orienter vers le bois le plus adapt\u00e9 \u00e0 votre installation.<\/p>\t\t\t\t\t\t\t\t<\/div>\n\t\t\t\t<div class=\"elementor-element elementor-element-29be72a elementor-widget elementor-widget-spacer\" data-id=\"29be72a\" data-element_type=\"widget\" data-e-type=\"widget\" data-widget_type=\"spacer.default\">\n\t\t\t\t\t\t\t<div class=\"elementor-spacer\">\n\t\t\t<div class=\"elementor-spacer-inner\"><\/div>\n\t\t<\/div>\n\t\t\t\t\t\t<\/div>\n\t\t\t\t<\/div>\n\t\t\t\t\t<\/div>\n\t\t\t\t<\/div>\n\t\t<div class=\"elementor-element elementor-element-65e181c e-flex e-con-boxed e-con e-parent\" data-id=\"65e181c\" data-element_type=\"container\" data-e-type=\"container\" data-settings=\"{&quot;background_background&quot;:&quot;classic&quot;}\">\n\t\t\t\t\t<div class=\"e-con-inner\">\n\t\t<div class=\"elementor-element elementor-element-8992aa8 e-con-full e-flex e-con e-child\" data-id=\"8992aa8\" data-element_type=\"container\" data-e-type=\"container\">\n\t\t\t\t<div class=\"elementor-element elementor-element-11f956a elementor-widget elementor-widget-heading\" data-id=\"11f956a\" data-element_type=\"widget\" data-e-type=\"widget\" data-widget_type=\"heading.default\">\n\t\t\t\t\t<h4 class=\"elementor-heading-title elementor-size-default\">UNE RELATION TRANSPARENTE<\/h4>\t\t\t\t<\/div>\n\t\t\t\t<div class=\"elementor-element elementor-element-fdfec2c elementor-widget elementor-widget-text-editor\" data-id=\"fdfec2c\" data-element_type=\"widget\" data-e-type=\"widget\" data-widget_type=\"text-editor.default\">\n\t\t\t\t\t\t\t\t\t<p data-start=\"2047\" data-end=\"2110\">Nous privil\u00e9gions une communication simple, directe et honn\u00eate.<\/p><p data-start=\"2112\" data-end=\"2196\">Chaque commande est accompagn\u00e9e d\u2019informations claires sur ce que nous vous livrons.<\/p><p data-start=\"2198\" data-end=\"2253\">\ud83d\udc49 Parce que la confiance commence par la transparence<\/p>\t\t\t\t\t\t\t\t<\/div>\n\t\t\t\t<\/div>\n\t\t<div class=\"elementor-element elementor-element-41fbb53 e-con-full e-flex e-con e-child\" data-id=\"41fbb53\" data-element_type=\"container\" data-e-type=\"container\">\n\t\t\t\t<div class=\"elementor-element elementor-element-e3e9246 elementor-widget elementor-widget-image\" data-id=\"e3e9246\" data-element_type=\"widget\" data-e-type=\"widget\" data-widget_type=\"image.default\">\n\t\t\t\t\t\t\t\t\t\t\t\t\t\t\t<img loading=\"lazy\" decoding=\"async\" width=\"768\" height=\"1024\" src=\"https:\/\/candeboislogistique.fr\/wp-content\/uploads\/2026\/04\/IMG_8493-768x1024.jpg\" class=\"attachment-large size-large wp-image-2296\" alt=\"\" srcset=\"https:\/\/candeboislogistique.fr\/wp-content\/uploads\/2026\/04\/IMG_8493-768x1024.jpg 768w, https:\/\/candeboislogistique.fr\/wp-content\/uploads\/2026\/04\/IMG_8493-225x300.jpg 225w, https:\/\/candeboislogistique.fr\/wp-content\/uploads\/2026\/04\/IMG_8493-1152x1536.jpg 1152w, https:\/\/candeboislogistique.fr\/wp-content\/uploads\/2026\/04\/IMG_8493-1536x2048.jpg 1536w, https:\/\/candeboislogistique.fr\/wp-content\/uploads\/2026\/04\/IMG_8493.jpg 1920w\" sizes=\"(max-width: 768px) 100vw, 768px\" \/>\t\t\t\t\t\t\t\t\t\t\t\t\t\t\t<\/div>\n\t\t\t\t<div class=\"elementor-element elementor-element-9ea033e elementor-widget elementor-widget-spacer\" data-id=\"9ea033e\" data-element_type=\"widget\" data-e-type=\"widget\" data-widget_type=\"spacer.default\">\n\t\t\t\t\t\t\t<div class=\"elementor-spacer\">\n\t\t\t<div class=\"elementor-spacer-inner\"><\/div>\n\t\t<\/div>\n\t\t\t\t\t\t<\/div>\n\t\t\t\t<\/div>\n\t\t\t\t\t<\/div>\n\t\t\t\t<\/div>\n\t\t<div class=\"elementor-element elementor-element-f6e6c3a e-flex e-con-boxed e-con e-parent\" data-id=\"f6e6c3a\" data-element_type=\"container\" data-e-type=\"container\" data-settings=\"{&quot;background_background&quot;:&quot;classic&quot;}\">\n\t\t\t\t\t<div class=\"e-con-inner\">\n\t\t<div class=\"elementor-element elementor-element-ce16bc2 e-con-full e-flex e-con e-child\" data-id=\"ce16bc2\" data-element_type=\"container\" data-e-type=\"container\">\n\t\t\t\t<div class=\"elementor-element elementor-element-01a8441 elementor-widget elementor-widget-image\" data-id=\"01a8441\" data-element_type=\"widget\" data-e-type=\"widget\" data-widget_type=\"image.default\">\n\t\t\t\t\t\t\t\t\t\t\t\t\t\t\t<img loading=\"lazy\" decoding=\"async\" width=\"1024\" height=\"768\" src=\"https:\/\/candeboislogistique.fr\/wp-content\/uploads\/2026\/04\/IMG_8789-1024x768.jpg\" class=\"attachment-large size-large wp-image-2189\" alt=\"\" srcset=\"https:\/\/candeboislogistique.fr\/wp-content\/uploads\/2026\/04\/IMG_8789-1024x768.jpg 1024w, https:\/\/candeboislogistique.fr\/wp-content\/uploads\/2026\/04\/IMG_8789-300x225.jpg 300w, https:\/\/candeboislogistique.fr\/wp-content\/uploads\/2026\/04\/IMG_8789-768x576.jpg 768w, https:\/\/candeboislogistique.fr\/wp-content\/uploads\/2026\/04\/IMG_8789-1536x1152.jpg 1536w, https:\/\/candeboislogistique.fr\/wp-content\/uploads\/2026\/04\/IMG_8789-2048x1536.jpg 2048w\" sizes=\"(max-width: 1024px) 100vw, 1024px\" \/>\t\t\t\t\t\t\t\t\t\t\t\t\t\t\t<\/div>\n\t\t\t\t<\/div>\n\t\t<div class=\"elementor-element elementor-element-150d011 e-con-full e-flex e-con e-child\" data-id=\"150d011\" data-element_type=\"container\" data-e-type=\"container\">\n\t\t\t\t<div class=\"elementor-element elementor-element-79135e3 elementor-widget elementor-widget-spacer\" data-id=\"79135e3\" data-element_type=\"widget\" data-e-type=\"widget\" data-widget_type=\"spacer.default\">\n\t\t\t\t\t\t\t<div class=\"elementor-spacer\">\n\t\t\t<div class=\"elementor-spacer-inner\"><\/div>\n\t\t<\/div>\n\t\t\t\t\t\t<\/div>\n\t\t\t\t<div class=\"elementor-element elementor-element-23d3499 elementor-widget elementor-widget-heading\" data-id=\"23d3499\" data-element_type=\"widget\" data-e-type=\"widget\" data-widget_type=\"heading.default\">\n\t\t\t\t\t<h4 class=\"elementor-heading-title elementor-size-default\">UN BOIS QUI A DU SENS<\/h4>\t\t\t\t<\/div>\n\t\t\t\t<div class=\"elementor-element elementor-element-9910f89 elementor-widget elementor-widget-text-editor\" data-id=\"9910f89\" data-element_type=\"widget\" data-e-type=\"widget\" data-widget_type=\"text-editor.default\">\n\t\t\t\t\t\t\t\t\t<p data-start=\"1806\" data-end=\"1921\">Nous travaillons avec du bois issu de fili\u00e8res locales, dans une logique de bon sens et de respect de la ressource.<\/p><p data-start=\"1923\" data-end=\"2007\">\ud83d\udc49 Moins de transport, plus de coh\u00e9rence, et une \u00e9nergie naturellement renouvelable.<\/p>\t\t\t\t\t\t\t\t<\/div>\n\t\t\t\t<div class=\"elementor-element elementor-element-c0a35a2 elementor-widget elementor-widget-spacer\" data-id=\"c0a35a2\" data-element_type=\"widget\" data-e-type=\"widget\" data-widget_type=\"spacer.default\">\n\t\t\t\t\t\t\t<div class=\"elementor-spacer\">\n\t\t\t<div class=\"elementor-spacer-inner\"><\/div>\n\t\t<\/div>\n\t\t\t\t\t\t<\/div>\n\t\t\t\t<\/div>\n\t\t\t\t\t<\/div>\n\t\t\t\t<\/div>\n\t\t<div class=\"elementor-element elementor-element-ab2116c e-flex e-con-boxed e-con e-parent\" data-id=\"ab2116c\" data-element_type=\"container\" data-e-type=\"container\" data-settings=\"{&quot;background_background&quot;:&quot;classic&quot;}\">\n\t\t\t\t\t<div class=\"e-con-inner\">\n\t\t<div class=\"elementor-element elementor-element-fc8baac e-con-full e-flex e-con e-child\" data-id=\"fc8baac\" data-element_type=\"container\" data-e-type=\"container\">\n\t\t\t\t<div class=\"elementor-element elementor-element-b41fa27 elementor-widget elementor-widget-heading\" data-id=\"b41fa27\" data-element_type=\"widget\" data-e-type=\"widget\" data-widget_type=\"heading.default\">\n\t\t\t\t\t<h4 class=\"elementor-heading-title elementor-size-default\">UN SERVICE DE PROXIMIT\u00c9<\/h4>\t\t\t\t<\/div>\n\t\t\t\t<div class=\"elementor-element elementor-element-c376962 elementor-widget elementor-widget-text-editor\" data-id=\"c376962\" data-element_type=\"widget\" data-e-type=\"widget\" data-widget_type=\"text-editor.default\">\n\t\t\t\t\t\t\t\t\tCand\u00e9 Bois Logistique, c\u2019est une entreprise ancr\u00e9e sur son territoire.<\/span><\/p>\n<p data-start=\"2363\" data-end=\"2384\">\ud83d\udc49 Cela change tout :<\/p>\n\n<ul data-start=\"2385\" data-end=\"2458\">\n \t<li data-section-id=\"ya14k5\" data-start=\"2385\" data-end=\"2407\">plus de r\u00e9activit\u00e9<\/li>\n \t<li data-section-id=\"ptz7y6\" data-start=\"2408\" data-end=\"2431\">plus de flexibilit\u00e9<\/li>\n \t<li data-section-id=\"1el3bs9\" data-start=\"2432\" data-end=\"2458\">un vrai contact humain<\/li>\n<\/ul>\t\t\t\t\t\t\t\t<\/div>\n\t\t\t\t<\/div>\n\t\t<div class=\"elementor-element elementor-element-9ffe68b e-con-full e-flex e-con e-child\" data-id=\"9ffe68b\" data-element_type=\"container\" data-e-type=\"container\">\n\t\t\t\t<div class=\"elementor-element elementor-element-8a7a676 elementor-widget elementor-widget-image\" data-id=\"8a7a676\" data-element_type=\"widget\" data-e-type=\"widget\" data-widget_type=\"image.default\">\n\t\t\t\t\t\t\t\t\t\t\t\t\t\t\t<img loading=\"lazy\" decoding=\"async\" width=\"255\" height=\"170\" src=\"https:\/\/candeboislogistique.fr\/wp-content\/uploads\/2026\/04\/camion.png\" class=\"attachment-large size-large wp-image-436\" alt=\"\" \/>\t\t\t\t\t\t\t\t\t\t\t\t\t\t\t<\/div>\n\t\t\t\t<div class=\"elementor-element elementor-element-1cbac20 elementor-widget elementor-widget-spacer\" data-id=\"1cbac20\" data-element_type=\"widget\" data-e-type=\"widget\" data-widget_type=\"spacer.default\">\n\t\t\t\t\t\t\t<div class=\"elementor-spacer\">\n\t\t\t<div class=\"elementor-spacer-inner\"><\/div>\n\t\t<\/div>\n\t\t\t\t\t\t<\/div>\n\t\t\t\t<\/div>\n\t\t\t\t\t<\/div>\n\t\t\t\t<\/div>\n\t\t\t\t<\/div>\n\t\t","protected":false},"excerpt":{"rendered":"<p>Nos engagements Du bois ma\u00eetris\u00e9. Un service fiable. Une parole tenue. Chez Cand\u00e9 Bois Logistique, notre engagement est simple : vous livrer un bois de qualit\u00e9, dans les bonnes conditions, avec une transparence totale. Parce que derri\u00e8re chaque livraison, il y a votre confort, votre s\u00e9curit\u00e9 et votre confiance. DES VOLUMES CLAIRS, SANS SURPRISE Acheter [&hellip;]<\/p>\n","protected":false},"author":1,"featured_media":0,"parent":0,"menu_order":0,"comment_status":"closed","ping_status":"closed","template":"","meta":{"footnotes":""},"class_list":["post-2275","page","type-page","status-publish","hentry"],"blocksy_meta":{"has_hero_section":"disabled","styles_descriptor":{"styles":{"desktop":"","tablet":"","mobile":""},"google_fonts":[],"version":6}},"_links":{"self":[{"href":"https:\/\/candeboislogistique.fr\/index.php?rest_route=\/wp\/v2\/pages\/2275","targetHints":{"allow":["GET"]}}],"collection":[{"href":"https:\/\/candeboislogistique.fr\/index.php?rest_route=\/wp\/v2\/pages"}],"about":[{"href":"https:\/\/candeboislogistique.fr\/index.php?rest_route=\/wp\/v2\/types\/page"}],"author":[{"embeddable":true,"href":"https:\/\/candeboislogistique.fr\/index.php?rest_route=\/wp\/v2\/users\/1"}],"replies":[{"embeddable":true,"href":"https:\/\/candeboislogistique.fr\/index.php?rest_route=%2Fwp%2Fv2%2Fcomments&post=2275"}],"version-history":[{"count":25,"href":"https:\/\/candeboislogistique.fr\/index.php?rest_route=\/wp\/v2\/pages\/2275\/revisions"}],"predecessor-version":[{"id":2317,"href":"https:\/\/candeboislogistique.fr\/index.php?rest_route=\/wp\/v2\/pages\/2275\/revisions\/2317"}],"wp:attachment":[{"href":"https:\/\/candeboislogistique.fr\/index.php?rest_route=%2Fwp%2Fv2%2Fmedia&parent=2275"}],"curies":[{"name":"wp","href":"https:\/\/api.w.org\/{rel}","templated":true}]}}